{"id":12,"date":"2023-05-29T19:57:34","date_gmt":"2023-05-29T16:57:34","guid":{"rendered":"http:\/\/chillupuniverse.com\/?page_id=12"},"modified":"2024-02-18T19:26:31","modified_gmt":"2024-02-18T16:26:31","slug":"about-us","status":"publish","type":"page","link":"https:\/\/chillupuniverse.com\/de\/uber-uns\/","title":{"rendered":"\u00fcber uns"},"content":{"rendered":"<p><strong>Erleben Sie Exzellenz mit Chill Up Universe, der vertrauensw\u00fcrdigen Wahl f\u00fcr Premium-E-Zigaretten. Werden Sie Teil des Erfolgs unserer erstklassigen Marke, die auf \u00fcber 20 Jahren Branchenexpertise, einer nachgewiesenen Erfolgsbilanz als drittgr\u00f6\u00dfter Akteur auf dem ukrainischen und kasachischen Markt sowie unserem Engagement f\u00fcr Qualit\u00e4tskontrolle, Marketingunterst\u00fctzung und zertifizierte Produkte basiert.<\/strong><\/p>","protected":false},"excerpt":{"rendered":"<p>Erleben Sie Exzellenz mit Chill Up Universe, der vertrauensw\u00fcrdigen Wahl f\u00fcr Premium-E-Zigaretten. Werden Sie Teil des Erfolgs unserer erstklassigen Marke, die auf \u00fcber 20 Jahren Branchenexpertise, einer nachgewiesenen Erfolgsbilanz als drittgr\u00f6\u00dfter Akteur auf dem ukrainischen und kasachischen Markt sowie unserem Engagement f\u00fcr Qualit\u00e4tskontrolle, Marketingunterst\u00fctzung und zertifizierte Produkte basiert.<\/p>","protected":false},"author":1,"featured_media":0,"parent":0,"menu_order":0,"comment_status":"closed","ping_status":"closed","template":"page-about.php","meta":{"footnotes":""},"class_list":["post-12","page","type-page","status-publish","hentry"],"acf":[],"yoast_head":"<!-- This site is optimized with the Yoast SEO plugin v21.5 - https:\/\/yoast.com\/wordpress\/plugins\/seo\/ -->\n<title>about us | CHILL UP<\/title>\n<meta name=\"robots\" content=\"index, follow, max-snippet:-1, max-image-preview:large, max-video-preview:-1\" \/>\n<link rel=\"canonical\" href=\"https:\/\/chillupuniverse.com\/de\/uber-uns\/\" \/>\n<meta property=\"og:locale\" content=\"de_DE\" \/>\n<meta property=\"og:type\" content=\"article\" \/>\n<meta property=\"og:title\" content=\"about us | CHILL UP\" \/>\n<meta property=\"og:description\" content=\"Experience excellence with Chill Up Universe, the trusted choice for premium e-cigarettes. Join the success of our top-tier brand, backed by over 20 years of industry expertise, a proven track record as the third largest player in the Ukrainian and Kazakhstan markets, and our commitment to quality control, marketing support, and certified products.\" \/>\n<meta property=\"og:url\" content=\"https:\/\/chillupuniverse.com\/de\/uber-uns\/\" \/>\n<meta property=\"og:site_name\" content=\"CHILL UP\" \/>\n<meta property=\"article:modified_time\" content=\"2024-02-18T16:26:31+00:00\" \/>\n<meta name=\"twitter:card\" content=\"summary_large_image\" \/>\n<meta name=\"twitter:label1\" content=\"Gesch\u00e4tzte Lesezeit\" \/>\n\t<meta name=\"twitter:data1\" content=\"1\u00a0Minute\" \/>\n<!-- \/ Yoast SEO plugin. -->","yoast_head_json":{"title":"about us | CHILL UP","robots":{"index":"index","follow":"follow","max-snippet":"max-snippet:-1","max-image-preview":"max-image-preview:large","max-video-preview":"max-video-preview:-1"},"canonical":"https:\/\/chillupuniverse.com\/de\/uber-uns\/","og_locale":"de_DE","og_type":"article","og_title":"about us | CHILL UP","og_description":"Experience excellence with Chill Up Universe, the trusted choice for premium e-cigarettes. Join the success of our top-tier brand, backed by over 20 years of industry expertise, a proven track record as the third largest player in the Ukrainian and Kazakhstan markets, and our commitment to quality control, marketing support, and certified products.","og_url":"https:\/\/chillupuniverse.com\/de\/uber-uns\/","og_site_name":"CHILL UP","article_modified_time":"2024-02-18T16:26:31+00:00","twitter_card":"summary_large_image","twitter_misc":{"Gesch\u00e4tzte Lesezeit":"1\u00a0Minute"},"schema":{"@context":"https:\/\/schema.org","@graph":[{"@type":"WebPage","@id":"https:\/\/chillupuniverse.com\/about-us\/","url":"https:\/\/chillupuniverse.com\/about-us\/","name":"about us | CHILL UP","isPartOf":{"@id":"https:\/\/chillupuniverse.com\/#website"},"datePublished":"2023-05-29T16:57:34+00:00","dateModified":"2024-02-18T16:26:31+00:00","breadcrumb":{"@id":"https:\/\/chillupuniverse.com\/about-us\/#breadcrumb"},"inLanguage":"de","potentialAction":[{"@type":"ReadAction","target":["https:\/\/chillupuniverse.com\/about-us\/"]}]},{"@type":"BreadcrumbList","@id":"https:\/\/chillupuniverse.com\/about-us\/#breadcrumb","itemListElement":[{"@type":"ListItem","position":1,"name":"\u0413\u043b\u0430\u0432\u043d\u0430\u044f \u0441\u0442\u0440\u0430\u043d\u0438\u0446\u0430","item":"https:\/\/chillupuniverse.com\/"},{"@type":"ListItem","position":2,"name":"about us"}]},{"@type":"WebSite","@id":"https:\/\/chillupuniverse.com\/#website","url":"https:\/\/chillupuniverse.com\/","name":"ChillUp","description":"Chill Up Universe","alternateName":"ChillUp","potentialAction":[{"@type":"SearchAction","target":{"@type":"EntryPoint","urlTemplate":"https:\/\/chillupuniverse.com\/?s={search_term_string}"},"query-input":"required name=search_term_string"}],"inLanguage":"de"}]}},"_links":{"self":[{"href":"https:\/\/chillupuniverse.com\/de\/wp-json\/wp\/v2\/pages\/12","targetHints":{"allow":["GET"]}}],"collection":[{"href":"https:\/\/chillupuniverse.com\/de\/wp-json\/wp\/v2\/pages"}],"about":[{"href":"https:\/\/chillupuniverse.com\/de\/wp-json\/wp\/v2\/types\/page"}],"author":[{"embeddable":true,"href":"https:\/\/chillupuniverse.com\/de\/wp-json\/wp\/v2\/users\/1"}],"replies":[{"embeddable":true,"href":"https:\/\/chillupuniverse.com\/de\/wp-json\/wp\/v2\/comments?post=12"}],"version-history":[{"count":4,"href":"https:\/\/chillupuniverse.com\/de\/wp-json\/wp\/v2\/pages\/12\/revisions"}],"predecessor-version":[{"id":21677,"href":"https:\/\/chillupuniverse.com\/de\/wp-json\/wp\/v2\/pages\/12\/revisions\/21677"}],"wp:attachment":[{"href":"https:\/\/chillupuniverse.com\/de\/wp-json\/wp\/v2\/media?parent=12"}],"curies":[{"name":"wp","href":"https:\/\/api.w.org\/{rel}","templated":true}]}}